{"id":11,"date":"2022-12-03T16:25:24","date_gmt":"2022-12-03T16:25:24","guid":{"rendered":"http:\/\/daf\u00e9.com\/?page_id=11"},"modified":"2022-12-16T09:39:16","modified_gmt":"2022-12-16T09:39:16","slug":"a-notre-propos","status":"publish","type":"page","link":"https:\/\/daf\u00e9.com\/?page_id=11","title":{"rendered":"A notre propos"},"content":{"rendered":"\t\t<div data-elementor-type=\"wp-page\" data-elementor-id=\"11\" class=\"elementor elementor-11\">\n\t\t\t\t\t\t<section class=\"elementor-section elementor-top-section elementor-element elementor-element-c3c8849 elementor-section-boxed elementor-section-height-default elementor-section-height-default\" data-id=\"c3c8849\" data-element_type=\"section\" data-e-type=\"section\">\n\t\t\t\t\t\t<div class=\"elementor-container elementor-column-gap-default\">\n\t\t\t\t\t<div class=\"elementor-column elementor-col-50 elementor-top-column elementor-element elementor-element-67f904c\" data-id=\"67f904c\" data-element_type=\"column\" data-e-type=\"column\">\n\t\t\t<div class=\"elementor-widget-wrap elementor-element-populated\">\n\t\t\t\t\t\t<div class=\"elementor-element elementor-element-0d6c4bc elementor-widget elementor-widget-image\" data-id=\"0d6c4bc\" data-element_type=\"widget\" data-e-type=\"widget\" data-widget_type=\"image.default\">\n\t\t\t\t<div class=\"elementor-widget-container\">\n\t\t\t\t\t\t\t\t\t\t\t\t\t\t\t<img fetchpriority=\"high\" decoding=\"async\" width=\"612\" height=\"408\" src=\"https:\/\/xn--daf-dma.com\/wp-content\/uploads\/2022\/12\/palmeraie.jpg\" class=\"attachment-large size-large wp-image-119\" alt=\"\" srcset=\"https:\/\/xn--daf-dma.com\/wp-content\/uploads\/2022\/12\/palmeraie.jpg 612w, https:\/\/xn--daf-dma.com\/wp-content\/uploads\/2022\/12\/palmeraie-300x200.jpg 300w\" sizes=\"(max-width: 612px) 100vw, 612px\" \/>\t\t\t\t\t\t\t\t\t\t\t\t\t\t\t<\/div>\n\t\t\t\t<\/div>\n\t\t\t\t\t<\/div>\n\t\t<\/div>\n\t\t\t\t<div class=\"elementor-column elementor-col-50 elementor-top-column elementor-element elementor-element-da626fc\" data-id=\"da626fc\" data-element_type=\"column\" data-e-type=\"column\">\n\t\t\t<div class=\"elementor-widget-wrap elementor-element-populated\">\n\t\t\t\t\t\t<div class=\"elementor-element elementor-element-01be5d4 elementor-widget elementor-widget-text-editor\" data-id=\"01be5d4\" data-element_type=\"widget\" data-e-type=\"widget\" data-widget_type=\"text-editor.default\">\n\t\t\t\t<div class=\"elementor-widget-container\">\n\t\t\t\t\t\t\t\t\t<p><span style=\"text-decoration: underline;\"><strong>Pr\u00e9sentation<\/strong><\/span><\/p><p>Daf\u00e9 vous propose un produit magique le caf\u00e9 de dattes, c\u2019est une alternative au caf\u00e9 saine sans caf\u00e9ine peu connue alors qu\u2019elle \u00e0 un gout qui s\u2019en approche et \u00e9norm\u00e9ment de bienfaits pour la sant\u00e9.\u00a0<\/p><p>Lorsque nous avons appris l\u2019existence du caf\u00e9 de dattes de ses bienfaits pour la sant\u00e9 et de sa valeur ajout\u00e9 \u00e9cologique car il recycle un produit consid\u00e9r\u00e9 comme rebut, nous nous sommes donn\u00e9s pour mission de faire connaitre et d\u00e9mocratiser la consommation de ce bel aliment.<\/p>\t\t\t\t\t\t\t\t<\/div>\n\t\t\t\t<\/div>\n\t\t\t\t\t<\/div>\n\t\t<\/div>\n\t\t\t\t\t<\/div>\n\t\t<\/section>\n\t\t\t\t<section class=\"elementor-section elementor-top-section elementor-element elementor-element-3921715 elementor-section-boxed elementor-section-height-default elementor-section-height-default\" data-id=\"3921715\" data-element_type=\"section\" data-e-type=\"section\">\n\t\t\t\t\t\t<div class=\"elementor-container elementor-column-gap-default\">\n\t\t\t\t\t<div class=\"elementor-column elementor-col-50 elementor-top-column elementor-element elementor-element-0bb7b7d\" data-id=\"0bb7b7d\" data-element_type=\"column\" data-e-type=\"column\">\n\t\t\t<div class=\"elementor-widget-wrap elementor-element-populated\">\n\t\t\t\t\t\t<div class=\"elementor-element elementor-element-0dd9485 elementor-widget elementor-widget-image\" data-id=\"0dd9485\" data-element_type=\"widget\" data-e-type=\"widget\" data-widget_type=\"image.default\">\n\t\t\t\t<div class=\"elementor-widget-container\">\n\t\t\t\t\t\t\t\t\t\t\t\t\t\t\t<img decoding=\"async\" width=\"612\" height=\"355\" src=\"https:\/\/xn--daf-dma.com\/wp-content\/uploads\/2022\/12\/dattes.jpg\" class=\"attachment-large size-large wp-image-139\" alt=\"\" srcset=\"https:\/\/xn--daf-dma.com\/wp-content\/uploads\/2022\/12\/dattes.jpg 612w, https:\/\/xn--daf-dma.com\/wp-content\/uploads\/2022\/12\/dattes-300x174.jpg 300w\" sizes=\"(max-width: 612px) 100vw, 612px\" \/>\t\t\t\t\t\t\t\t\t\t\t\t\t\t\t<\/div>\n\t\t\t\t<\/div>\n\t\t\t\t\t<\/div>\n\t\t<\/div>\n\t\t\t\t<div class=\"elementor-column elementor-col-50 elementor-top-column elementor-element elementor-element-a3ccf01\" data-id=\"a3ccf01\" data-element_type=\"column\" data-e-type=\"column\">\n\t\t\t<div class=\"elementor-widget-wrap elementor-element-populated\">\n\t\t\t\t\t\t<div class=\"elementor-element elementor-element-853f033 elementor-widget elementor-widget-text-editor\" data-id=\"853f033\" data-element_type=\"widget\" data-e-type=\"widget\" data-widget_type=\"text-editor.default\">\n\t\t\t\t<div class=\"elementor-widget-container\">\n\t\t\t\t\t\t\t\t\t<p><span style=\"text-decoration: underline;\"><b>Valeurs<\/b><\/span><\/p><p><span style=\"text-decoration: underline;\">Qualit\u00e9<\/span>, d\u2019un niveau sup\u00e9rieur en ne vous proposant que le meilleur.<\/p><p><span style=\"text-decoration: underline;\">Respect<\/span>, du produit par son traitement naturel, des normes les plus\u00a0 exigeantes, des partenaires dans l\u2019\u00e9quit\u00e9 de nos rapports et du client par l\u2019excellence du produit propos\u00e9<\/p>\t\t\t\t\t\t\t\t<\/div>\n\t\t\t\t<\/div>\n\t\t\t\t\t<\/div>\n\t\t<\/div>\n\t\t\t\t\t<\/div>\n\t\t<\/section>\n\t\t\t\t<\/div>\n\t\t","protected":false},"excerpt":{"rendered":"<p>Pr\u00e9sentation Daf\u00e9 vous propose un produit magique le caf\u00e9 de dattes, c\u2019est une alternative au caf\u00e9 saine sans caf\u00e9ine peu connue alors qu\u2019elle \u00e0 un gout qui s\u2019en approche et \u00e9norm\u00e9ment de bienfaits pour la sant\u00e9.\u00a0 Lorsque nous avons appris l\u2019existence du caf\u00e9 de dattes de ses bienfaits pour la sant\u00e9 et de sa valeur [&hellip;]<\/p>\n","protected":false},"author":1,"featured_media":0,"parent":0,"menu_order":0,"comment_status":"closed","ping_status":"closed","template":"","meta":{"ocean_post_layout":"","ocean_both_sidebars_style":"","ocean_both_sidebars_content_width":0,"ocean_both_sidebars_sidebars_width":0,"ocean_sidebar":"0","ocean_second_sidebar":"0","ocean_disable_margins":"enable","ocean_add_body_class":"","ocean_shortcode_before_top_bar":"","ocean_shortcode_after_top_bar":"","ocean_shortcode_before_header":"","ocean_shortcode_after_header":"","ocean_has_shortcode":"","ocean_shortcode_after_title":"","ocean_shortcode_before_footer_widgets":"","ocean_shortcode_after_footer_widgets":"","ocean_shortcode_before_footer_bottom":"","ocean_shortcode_after_footer_bottom":"","ocean_display_top_bar":"default","ocean_display_header":"default","ocean_header_style":"","ocean_center_header_left_menu":"0","ocean_custom_header_template":"0","ocean_custom_logo":0,"ocean_custom_retina_logo":0,"ocean_custom_logo_max_width":0,"ocean_custom_logo_tablet_max_width":0,"ocean_custom_logo_mobile_max_width":0,"ocean_custom_logo_max_height":0,"ocean_custom_logo_tablet_max_height":0,"ocean_custom_logo_mobile_max_height":0,"ocean_header_custom_menu":"0","ocean_menu_typo_font_family":"0","ocean_menu_typo_font_subset":"","ocean_menu_typo_font_size":0,"ocean_menu_typo_font_size_tablet":0,"ocean_menu_typo_font_size_mobile":0,"ocean_menu_typo_font_size_unit":"px","ocean_menu_typo_font_weight":"","ocean_menu_typo_font_weight_tablet":"","ocean_menu_typo_font_weight_mobile":"","ocean_menu_typo_transform":"","ocean_menu_typo_transform_tablet":"","ocean_menu_typo_transform_mobile":"","ocean_menu_typo_line_height":0,"ocean_menu_typo_line_height_tablet":0,"ocean_menu_typo_line_height_mobile":0,"ocean_menu_typo_line_height_unit":"","ocean_menu_typo_spacing":0,"ocean_menu_typo_spacing_tablet":0,"ocean_menu_typo_spacing_mobile":0,"ocean_menu_typo_spacing_unit":"","ocean_menu_link_color":"","ocean_menu_link_color_hover":"","ocean_menu_link_color_active":"","ocean_menu_link_background":"","ocean_menu_link_hover_background":"","ocean_menu_link_active_background":"","ocean_menu_social_links_bg":"","ocean_menu_social_hover_links_bg":"","ocean_menu_social_links_color":"","ocean_menu_social_hover_links_color":"","ocean_disable_title":"default","ocean_disable_heading":"default","ocean_post_title":"","ocean_post_subheading":"","ocean_post_title_style":"","ocean_post_title_background_color":"","ocean_post_title_background":0,"ocean_post_title_bg_image_position":"","ocean_post_title_bg_image_attachment":"","ocean_post_title_bg_image_repeat":"","ocean_post_title_bg_image_size":"","ocean_post_title_height":0,"ocean_post_title_bg_overlay":0.5,"ocean_post_title_bg_overlay_color":"","ocean_disable_breadcrumbs":"default","ocean_breadcrumbs_color":"","ocean_breadcrumbs_separator_color":"","ocean_breadcrumbs_links_color":"","ocean_breadcrumbs_links_hover_color":"","ocean_display_footer_widgets":"default","ocean_display_footer_bottom":"default","ocean_custom_footer_template":"0","footnotes":""},"class_list":["post-11","page","type-page","status-publish","hentry","entry"],"yoast_head":"<!-- This site is optimized with the Yoast SEO plugin v27.2 - https:\/\/yoast.com\/product\/yoast-seo-wordpress\/ -->\n<title>A notre propos - daf\u00e9<\/title>\n<meta name=\"robots\" content=\"index, follow, max-snippet:-1, max-image-preview:large, max-video-preview:-1\" \/>\n<link rel=\"canonical\" href=\"https:\/\/daf\u00e9.com\/?page_id=11\" \/>\n<meta property=\"og:locale\" content=\"fr_FR\" \/>\n<meta property=\"og:type\" content=\"article\" \/>\n<meta property=\"og:title\" content=\"A notre propos - daf\u00e9\" \/>\n<meta property=\"og:description\" content=\"Pr\u00e9sentation Daf\u00e9 vous propose un produit magique le caf\u00e9 de dattes, c\u2019est une alternative au caf\u00e9 saine sans caf\u00e9ine peu connue alors qu\u2019elle \u00e0 un gout qui s\u2019en approche et \u00e9norm\u00e9ment de bienfaits pour la sant\u00e9.\u00a0 Lorsque nous avons appris l\u2019existence du caf\u00e9 de dattes de ses bienfaits pour la sant\u00e9 et de sa valeur [&hellip;]\" \/>\n<meta property=\"og:url\" content=\"https:\/\/daf\u00e9.com\/?page_id=11\" \/>\n<meta property=\"og:site_name\" content=\"daf\u00e9\" \/>\n<meta property=\"article:publisher\" content=\"https:\/\/www.facebook.com\/profile.php?id=100088494336219\" \/>\n<meta property=\"article:modified_time\" content=\"2022-12-16T09:39:16+00:00\" \/>\n<meta property=\"og:image\" content=\"http:\/\/xn--daf-dma.com\/wp-content\/uploads\/2022\/12\/palmeraie.jpg\" \/>\n<meta name=\"twitter:card\" content=\"summary_large_image\" \/>\n<meta name=\"twitter:label1\" content=\"Dur\u00e9e de lecture estim\u00e9e\" \/>\n\t<meta name=\"twitter:data1\" content=\"2 minutes\" \/>\n<script type=\"application\/ld+json\" class=\"yoast-schema-graph\">{\"@context\":\"https:\/\/schema.org\",\"@graph\":[{\"@type\":\"WebPage\",\"@id\":\"https:\/\/daf\u00e9.com\/?page_id=11\",\"url\":\"https:\/\/daf\u00e9.com\/?page_id=11\",\"name\":\"A notre propos - daf\u00e9\",\"isPartOf\":{\"@id\":\"https:\/\/daf\u00e9.com\/#website\"},\"primaryImageOfPage\":{\"@id\":\"https:\/\/daf\u00e9.com\/?page_id=11#primaryimage\"},\"image\":{\"@id\":\"https:\/\/daf\u00e9.com\/?page_id=11#primaryimage\"},\"thumbnailUrl\":\"http:\/\/xn--daf-dma.com\/wp-content\/uploads\/2022\/12\/palmeraie.jpg\",\"datePublished\":\"2022-12-03T16:25:24+00:00\",\"dateModified\":\"2022-12-16T09:39:16+00:00\",\"breadcrumb\":{\"@id\":\"https:\/\/daf\u00e9.com\/?page_id=11#breadcrumb\"},\"inLanguage\":\"fr-FR\",\"potentialAction\":[{\"@type\":\"ReadAction\",\"target\":[\"https:\/\/daf\u00e9.com\/?page_id=11\"]}]},{\"@type\":\"ImageObject\",\"inLanguage\":\"fr-FR\",\"@id\":\"https:\/\/daf\u00e9.com\/?page_id=11#primaryimage\",\"url\":\"http:\/\/xn--daf-dma.com\/wp-content\/uploads\/2022\/12\/palmeraie.jpg\",\"contentUrl\":\"http:\/\/xn--daf-dma.com\/wp-content\/uploads\/2022\/12\/palmeraie.jpg\"},{\"@type\":\"BreadcrumbList\",\"@id\":\"https:\/\/daf\u00e9.com\/?page_id=11#breadcrumb\",\"itemListElement\":[{\"@type\":\"ListItem\",\"position\":1,\"name\":\"Home\",\"item\":\"https:\/\/daf\u00e9.com\/\"},{\"@type\":\"ListItem\",\"position\":2,\"name\":\"A notre propos\"}]},{\"@type\":\"WebSite\",\"@id\":\"https:\/\/daf\u00e9.com\/#website\",\"url\":\"https:\/\/daf\u00e9.com\/\",\"name\":\"daf\u00e9\",\"description\":\"le meilleur du caf\u00e9 de dattes\",\"publisher\":{\"@id\":\"https:\/\/daf\u00e9.com\/#organization\"},\"potentialAction\":[{\"@type\":\"SearchAction\",\"target\":{\"@type\":\"EntryPoint\",\"urlTemplate\":\"https:\/\/daf\u00e9.com\/?s={search_term_string}\"},\"query-input\":{\"@type\":\"PropertyValueSpecification\",\"valueRequired\":true,\"valueName\":\"search_term_string\"}}],\"inLanguage\":\"fr-FR\"},{\"@type\":\"Organization\",\"@id\":\"https:\/\/daf\u00e9.com\/#organization\",\"name\":\"daf\u00e9\",\"url\":\"https:\/\/daf\u00e9.com\/\",\"logo\":{\"@type\":\"ImageObject\",\"inLanguage\":\"fr-FR\",\"@id\":\"https:\/\/daf\u00e9.com\/#\/schema\/logo\/image\/\",\"url\":\"https:\/\/xn--daf-dma.com\/wp-content\/uploads\/2023\/12\/logo-dafe-Copie-e1701899704566.png\",\"contentUrl\":\"https:\/\/xn--daf-dma.com\/wp-content\/uploads\/2023\/12\/logo-dafe-Copie-e1701899704566.png\",\"width\":109,\"height\":35,\"caption\":\"daf\u00e9\"},\"image\":{\"@id\":\"https:\/\/daf\u00e9.com\/#\/schema\/logo\/image\/\"},\"sameAs\":[\"https:\/\/www.facebook.com\/profile.php?id=100088494336219\"]}]}<\/script>\n<!-- \/ Yoast SEO plugin. -->","yoast_head_json":{"title":"A notre propos - daf\u00e9","robots":{"index":"index","follow":"follow","max-snippet":"max-snippet:-1","max-image-preview":"max-image-preview:large","max-video-preview":"max-video-preview:-1"},"canonical":"https:\/\/daf\u00e9.com\/?page_id=11","og_locale":"fr_FR","og_type":"article","og_title":"A notre propos - daf\u00e9","og_description":"Pr\u00e9sentation Daf\u00e9 vous propose un produit magique le caf\u00e9 de dattes, c\u2019est une alternative au caf\u00e9 saine sans caf\u00e9ine peu connue alors qu\u2019elle \u00e0 un gout qui s\u2019en approche et \u00e9norm\u00e9ment de bienfaits pour la sant\u00e9.\u00a0 Lorsque nous avons appris l\u2019existence du caf\u00e9 de dattes de ses bienfaits pour la sant\u00e9 et de sa valeur [&hellip;]","og_url":"https:\/\/daf\u00e9.com\/?page_id=11","og_site_name":"daf\u00e9","article_publisher":"https:\/\/www.facebook.com\/profile.php?id=100088494336219","article_modified_time":"2022-12-16T09:39:16+00:00","og_image":[{"url":"http:\/\/xn--daf-dma.com\/wp-content\/uploads\/2022\/12\/palmeraie.jpg","type":"","width":"","height":""}],"twitter_card":"summary_large_image","twitter_misc":{"Dur\u00e9e de lecture estim\u00e9e":"2 minutes"},"schema":{"@context":"https:\/\/schema.org","@graph":[{"@type":"WebPage","@id":"https:\/\/daf\u00e9.com\/?page_id=11","url":"https:\/\/daf\u00e9.com\/?page_id=11","name":"A notre propos - daf\u00e9","isPartOf":{"@id":"https:\/\/daf\u00e9.com\/#website"},"primaryImageOfPage":{"@id":"https:\/\/daf\u00e9.com\/?page_id=11#primaryimage"},"image":{"@id":"https:\/\/daf\u00e9.com\/?page_id=11#primaryimage"},"thumbnailUrl":"http:\/\/xn--daf-dma.com\/wp-content\/uploads\/2022\/12\/palmeraie.jpg","datePublished":"2022-12-03T16:25:24+00:00","dateModified":"2022-12-16T09:39:16+00:00","breadcrumb":{"@id":"https:\/\/daf\u00e9.com\/?page_id=11#breadcrumb"},"inLanguage":"fr-FR","potentialAction":[{"@type":"ReadAction","target":["https:\/\/daf\u00e9.com\/?page_id=11"]}]},{"@type":"ImageObject","inLanguage":"fr-FR","@id":"https:\/\/daf\u00e9.com\/?page_id=11#primaryimage","url":"http:\/\/xn--daf-dma.com\/wp-content\/uploads\/2022\/12\/palmeraie.jpg","contentUrl":"http:\/\/xn--daf-dma.com\/wp-content\/uploads\/2022\/12\/palmeraie.jpg"},{"@type":"BreadcrumbList","@id":"https:\/\/daf\u00e9.com\/?page_id=11#breadcrumb","itemListElement":[{"@type":"ListItem","position":1,"name":"Home","item":"https:\/\/daf\u00e9.com\/"},{"@type":"ListItem","position":2,"name":"A notre propos"}]},{"@type":"WebSite","@id":"https:\/\/daf\u00e9.com\/#website","url":"https:\/\/daf\u00e9.com\/","name":"daf\u00e9","description":"le meilleur du caf\u00e9 de dattes","publisher":{"@id":"https:\/\/daf\u00e9.com\/#organization"},"potentialAction":[{"@type":"SearchAction","target":{"@type":"EntryPoint","urlTemplate":"https:\/\/daf\u00e9.com\/?s={search_term_string}"},"query-input":{"@type":"PropertyValueSpecification","valueRequired":true,"valueName":"search_term_string"}}],"inLanguage":"fr-FR"},{"@type":"Organization","@id":"https:\/\/daf\u00e9.com\/#organization","name":"daf\u00e9","url":"https:\/\/daf\u00e9.com\/","logo":{"@type":"ImageObject","inLanguage":"fr-FR","@id":"https:\/\/daf\u00e9.com\/#\/schema\/logo\/image\/","url":"https:\/\/xn--daf-dma.com\/wp-content\/uploads\/2023\/12\/logo-dafe-Copie-e1701899704566.png","contentUrl":"https:\/\/xn--daf-dma.com\/wp-content\/uploads\/2023\/12\/logo-dafe-Copie-e1701899704566.png","width":109,"height":35,"caption":"daf\u00e9"},"image":{"@id":"https:\/\/daf\u00e9.com\/#\/schema\/logo\/image\/"},"sameAs":["https:\/\/www.facebook.com\/profile.php?id=100088494336219"]}]}},"_links":{"self":[{"href":"https:\/\/daf\u00e9.com\/index.php?rest_route=\/wp\/v2\/pages\/11","targetHints":{"allow":["GET"]}}],"collection":[{"href":"https:\/\/daf\u00e9.com\/index.php?rest_route=\/wp\/v2\/pages"}],"about":[{"href":"https:\/\/daf\u00e9.com\/index.php?rest_route=\/wp\/v2\/types\/page"}],"author":[{"embeddable":true,"href":"https:\/\/daf\u00e9.com\/index.php?rest_route=\/wp\/v2\/users\/1"}],"replies":[{"embeddable":true,"href":"https:\/\/daf\u00e9.com\/index.php?rest_route=%2Fwp%2Fv2%2Fcomments&post=11"}],"version-history":[{"count":13,"href":"https:\/\/daf\u00e9.com\/index.php?rest_route=\/wp\/v2\/pages\/11\/revisions"}],"predecessor-version":[{"id":175,"href":"https:\/\/daf\u00e9.com\/index.php?rest_route=\/wp\/v2\/pages\/11\/revisions\/175"}],"wp:attachment":[{"href":"https:\/\/daf\u00e9.com\/index.php?rest_route=%2Fwp%2Fv2%2Fmedia&parent=11"}],"curies":[{"name":"wp","href":"https:\/\/api.w.org\/{rel}","templated":true}]}}