{"id":13,"date":"2022-12-03T16:26:00","date_gmt":"2022-12-03T16:26:00","guid":{"rendered":"http:\/\/daf\u00e9.com\/?page_id=13"},"modified":"2022-12-10T18:29:22","modified_gmt":"2022-12-10T18:29:22","slug":"a-propos-du-cafe-de-dattes","status":"publish","type":"page","link":"https:\/\/daf\u00e9.com\/?page_id=13","title":{"rendered":"A propos du caf\u00e9 de dattes"},"content":{"rendered":"\t\t<div data-elementor-type=\"wp-page\" data-elementor-id=\"13\" class=\"elementor elementor-13\">\n\t\t\t\t\t\t<section class=\"elementor-section elementor-top-section elementor-element elementor-element-46ecbd8 elementor-section-boxed elementor-section-height-default elementor-section-height-default\" data-id=\"46ecbd8\" data-element_type=\"section\" data-e-type=\"section\">\n\t\t\t\t\t\t<div class=\"elementor-container elementor-column-gap-default\">\n\t\t\t\t\t<div class=\"elementor-column elementor-col-100 elementor-top-column elementor-element elementor-element-7f7a28a\" data-id=\"7f7a28a\" data-element_type=\"column\" data-e-type=\"column\">\n\t\t\t<div class=\"elementor-widget-wrap elementor-element-populated\">\n\t\t\t\t\t\t<div class=\"elementor-element elementor-element-308d16d elementor-widget elementor-widget-image\" data-id=\"308d16d\" data-element_type=\"widget\" data-e-type=\"widget\" data-widget_type=\"image.default\">\n\t\t\t\t<div class=\"elementor-widget-container\">\n\t\t\t\t\t\t\t\t\t\t\t\t\t\t\t<img fetchpriority=\"high\" decoding=\"async\" width=\"612\" height=\"481\" src=\"https:\/\/xn--daf-dma.com\/wp-content\/uploads\/2022\/12\/cafe.jpg\" class=\"attachment-large size-large wp-image-120\" alt=\"\" srcset=\"https:\/\/xn--daf-dma.com\/wp-content\/uploads\/2022\/12\/cafe.jpg 612w, https:\/\/xn--daf-dma.com\/wp-content\/uploads\/2022\/12\/cafe-300x236.jpg 300w\" sizes=\"(max-width: 612px) 100vw, 612px\" \/>\t\t\t\t\t\t\t\t\t\t\t\t\t\t\t<\/div>\n\t\t\t\t<\/div>\n\t\t\t\t<div class=\"elementor-element elementor-element-b9619e3 elementor-widget elementor-widget-text-editor\" data-id=\"b9619e3\" data-element_type=\"widget\" data-e-type=\"widget\" data-widget_type=\"text-editor.default\">\n\t\t\t\t<div class=\"elementor-widget-container\">\n\t\t\t\t\t\t\t\t\t<p>Le caf\u00e9 de dattes est une boisson chaude connue depuis tr\u00e8s longtemps mais cette connaissance et sa consommation est restreinte \u00e0\u00a0 certaines localisation dans le golfe et certaines oasis sahariennes.<\/p><p>Son\u00a0gout\u00a0est\u00a0proche\u00a0d\u2019un\u00a0caf\u00e9\u00a0doux\u00a0et\u00a0il\u00a0peut\u00a0s\u2019agr\u00e9menter\u00a0d\u2019\u00e9pices\u00a0comme\u00a0le\u00a0gingembre,\u00a0la\u00a0cannelle,\u00a0&#8230;<\/p><p>Il\u00a0se\u00a0pr\u00e9pare\u00a0comme\u00a0un\u00a0caf\u00e9.<\/p><p>Il\u00a0a\u00a0des\u00a0vertus\u00a0\u00e9cologiques\u00a0car\u00a0il\u00a0recycle\u00a0un\u00a0produit\u00a0consid\u00e9r\u00e9\u00a0comme\u00a0un\u00a0\u201crebut\u201d.<\/p><p>Ses\u00a0bienfaits\u00a0pour\u00a0la\u00a0sant\u00e9\u00a0sont\u00a0nombreux\u00a0:<\/p><p>-riches\u00a0en\u00a0min\u00e9raux<\/p><p>-riches\u00a0en\u00a0fibres\u00a0solubles\u00a0ce\u00a0qui\u00a0r\u00e9gule\u00a0le\u00a0transit\u00a0intestinal<\/p><p>-riches\u00a0en\u00a0fibres\u00a0insoluble\u00a0ce\u00a0qui\u00a0r\u00e9duit\u00a0le\u00a0taux\u00a0de\u00a0chol\u00e9sterol\u00a0et\u00a0r\u00e9gule\u00a0ceux\u00a0de\u00a0glucose\u00a0et\u00a0d\u2019insuline\u00a0il\u00a0est\u00a0pour\u00a0cela\u00a0conseill\u00e9\u00a0aux\u00a0diab\u00e9tique.<\/p><p>-absence\u00a0de\u00a0caf\u00e9ine\u00a0et\u00a0des\u00a0d\u00e9sagr\u00e9ments\u00a0qui\u00a0y\u00a0sont\u00a0li\u00e9s<\/p><p>-stimule\u00a0la\u00a0m\u00e9moire<\/p><p>-anti-stressant<\/p><p>-anti-insomniaque<\/p><p>-anti-oxydant<\/p><p>-vertueux\u00a0pour\u00a0le\u00a0foie\u00a0et\u00a0les\u00a0reins<\/p><p>-&#8230;<\/p>\t\t\t\t\t\t\t\t<\/div>\n\t\t\t\t<\/div>\n\t\t\t\t\t<\/div>\n\t\t<\/div>\n\t\t\t\t\t<\/div>\n\t\t<\/section>\n\t\t\t\t<section class=\"elementor-section elementor-top-section elementor-element elementor-element-48970d5 elementor-section-boxed elementor-section-height-default elementor-section-height-default\" data-id=\"48970d5\" data-element_type=\"section\" data-e-type=\"section\">\n\t\t\t\t\t\t<div class=\"elementor-container elementor-column-gap-default\">\n\t\t\t\t\t<div class=\"elementor-column elementor-col-100 elementor-top-column elementor-element elementor-element-903f596\" data-id=\"903f596\" data-element_type=\"column\" data-e-type=\"column\">\n\t\t\t<div class=\"elementor-widget-wrap\">\n\t\t\t\t\t\t\t<\/div>\n\t\t<\/div>\n\t\t\t\t\t<\/div>\n\t\t<\/section>\n\t\t\t\t<\/div>\n\t\t","protected":false},"excerpt":{"rendered":"<p>Le caf\u00e9 de dattes est une boisson chaude connue depuis tr\u00e8s longtemps mais cette connaissance et sa consommation est restreinte \u00e0\u00a0 certaines localisation dans le golfe et certaines oasis sahariennes. Son\u00a0gout\u00a0est\u00a0proche\u00a0d\u2019un\u00a0caf\u00e9\u00a0doux\u00a0et\u00a0il\u00a0peut\u00a0s\u2019agr\u00e9menter\u00a0d\u2019\u00e9pices\u00a0comme\u00a0le\u00a0gingembre,\u00a0la\u00a0cannelle,\u00a0&#8230; Il\u00a0se\u00a0pr\u00e9pare\u00a0comme\u00a0un\u00a0caf\u00e9. Il\u00a0a\u00a0des\u00a0vertus\u00a0\u00e9cologiques\u00a0car\u00a0il\u00a0recycle\u00a0un\u00a0produit\u00a0consid\u00e9r\u00e9\u00a0comme\u00a0un\u00a0\u201crebut\u201d. Ses\u00a0bienfaits\u00a0pour\u00a0la\u00a0sant\u00e9\u00a0sont\u00a0nombreux\u00a0: -riches\u00a0en\u00a0min\u00e9raux -riches\u00a0en\u00a0fibres\u00a0solubles\u00a0ce\u00a0qui\u00a0r\u00e9gule\u00a0le\u00a0transit\u00a0intestinal -riches\u00a0en\u00a0fibres\u00a0insoluble\u00a0ce\u00a0qui\u00a0r\u00e9duit\u00a0le\u00a0taux\u00a0de\u00a0chol\u00e9sterol\u00a0et\u00a0r\u00e9gule\u00a0ceux\u00a0de\u00a0glucose\u00a0et\u00a0d\u2019insuline\u00a0il\u00a0est\u00a0pour\u00a0cela\u00a0conseill\u00e9\u00a0aux\u00a0diab\u00e9tique. -absence\u00a0de\u00a0caf\u00e9ine\u00a0et\u00a0des\u00a0d\u00e9sagr\u00e9ments\u00a0qui\u00a0y\u00a0sont\u00a0li\u00e9s -stimule\u00a0la\u00a0m\u00e9moire -anti-stressant -anti-insomniaque -anti-oxydant -vertueux\u00a0pour\u00a0le\u00a0foie\u00a0et\u00a0les\u00a0reins -&#8230;<\/p>\n","protected":false},"author":1,"featured_media":0,"parent":0,"menu_order":0,"comment_status":"closed","ping_status":"closed","template":"","meta":{"ocean_post_layout":"","ocean_both_sidebars_style":"","ocean_both_sidebars_content_width":0,"ocean_both_sidebars_sidebars_width":0,"ocean_sidebar":"0","ocean_second_sidebar":"0","ocean_disable_margins":"enable","ocean_add_body_class":"","ocean_shortcode_before_top_bar":"","ocean_shortcode_after_top_bar":"","ocean_shortcode_before_header":"","ocean_shortcode_after_header":"","ocean_has_shortcode":"","ocean_shortcode_after_title":"","ocean_shortcode_before_footer_widgets":"","ocean_shortcode_after_footer_widgets":"","ocean_shortcode_before_footer_bottom":"","ocean_shortcode_after_footer_bottom":"","ocean_display_top_bar":"default","ocean_display_header":"default","ocean_header_style":"","ocean_center_header_left_menu":"0","ocean_custom_header_template":"0","ocean_custom_logo":0,"ocean_custom_retina_logo":0,"ocean_custom_logo_max_width":0,"ocean_custom_logo_tablet_max_width":0,"ocean_custom_logo_mobile_max_width":0,"ocean_custom_logo_max_height":0,"ocean_custom_logo_tablet_max_height":0,"ocean_custom_logo_mobile_max_height":0,"ocean_header_custom_menu":"0","ocean_menu_typo_font_family":"0","ocean_menu_typo_font_subset":"","ocean_menu_typo_font_size":0,"ocean_menu_typo_font_size_tablet":0,"ocean_menu_typo_font_size_mobile":0,"ocean_menu_typo_font_size_unit":"px","ocean_menu_typo_font_weight":"","ocean_menu_typo_font_weight_tablet":"","ocean_menu_typo_font_weight_mobile":"","ocean_menu_typo_transform":"","ocean_menu_typo_transform_tablet":"","ocean_menu_typo_transform_mobile":"","ocean_menu_typo_line_height":0,"ocean_menu_typo_line_height_tablet":0,"ocean_menu_typo_line_height_mobile":0,"ocean_menu_typo_line_height_unit":"","ocean_menu_typo_spacing":0,"ocean_menu_typo_spacing_tablet":0,"ocean_menu_typo_spacing_mobile":0,"ocean_menu_typo_spacing_unit":"","ocean_menu_link_color":"","ocean_menu_link_color_hover":"","ocean_menu_link_color_active":"","ocean_menu_link_background":"","ocean_menu_link_hover_background":"","ocean_menu_link_active_background":"","ocean_menu_social_links_bg":"","ocean_menu_social_hover_links_bg":"","ocean_menu_social_links_color":"","ocean_menu_social_hover_links_color":"","ocean_disable_title":"default","ocean_disable_heading":"default","ocean_post_title":"","ocean_post_subheading":"","ocean_post_title_style":"","ocean_post_title_background_color":"","ocean_post_title_background":0,"ocean_post_title_bg_image_position":"","ocean_post_title_bg_image_attachment":"","ocean_post_title_bg_image_repeat":"","ocean_post_title_bg_image_size":"","ocean_post_title_height":0,"ocean_post_title_bg_overlay":0.5,"ocean_post_title_bg_overlay_color":"","ocean_disable_breadcrumbs":"default","ocean_breadcrumbs_color":"","ocean_breadcrumbs_separator_color":"","ocean_breadcrumbs_links_color":"","ocean_breadcrumbs_links_hover_color":"","ocean_display_footer_widgets":"default","ocean_display_footer_bottom":"default","ocean_custom_footer_template":"0","footnotes":""},"class_list":["post-13","page","type-page","status-publish","hentry","entry"],"yoast_head":"<!-- This site is optimized with the Yoast SEO plugin v27.2 - https:\/\/yoast.com\/product\/yoast-seo-wordpress\/ -->\n<title>A propos du caf\u00e9 de dattes - daf\u00e9<\/title>\n<meta name=\"robots\" content=\"index, follow, max-snippet:-1, max-image-preview:large, max-video-preview:-1\" \/>\n<link rel=\"canonical\" href=\"https:\/\/daf\u00e9.com\/?page_id=13\" \/>\n<meta property=\"og:locale\" content=\"fr_FR\" \/>\n<meta property=\"og:type\" content=\"article\" \/>\n<meta property=\"og:title\" content=\"A propos du caf\u00e9 de dattes - daf\u00e9\" \/>\n<meta property=\"og:description\" content=\"Le caf\u00e9 de dattes est une boisson chaude connue depuis tr\u00e8s longtemps mais cette connaissance et sa consommation est restreinte \u00e0\u00a0 certaines localisation dans le golfe et certaines oasis sahariennes. Son\u00a0gout\u00a0est\u00a0proche\u00a0d\u2019un\u00a0caf\u00e9\u00a0doux\u00a0et\u00a0il\u00a0peut\u00a0s\u2019agr\u00e9menter\u00a0d\u2019\u00e9pices\u00a0comme\u00a0le\u00a0gingembre,\u00a0la\u00a0cannelle,\u00a0&#8230; Il\u00a0se\u00a0pr\u00e9pare\u00a0comme\u00a0un\u00a0caf\u00e9. Il\u00a0a\u00a0des\u00a0vertus\u00a0\u00e9cologiques\u00a0car\u00a0il\u00a0recycle\u00a0un\u00a0produit\u00a0consid\u00e9r\u00e9\u00a0comme\u00a0un\u00a0\u201crebut\u201d. Ses\u00a0bienfaits\u00a0pour\u00a0la\u00a0sant\u00e9\u00a0sont\u00a0nombreux\u00a0: -riches\u00a0en\u00a0min\u00e9raux -riches\u00a0en\u00a0fibres\u00a0solubles\u00a0ce\u00a0qui\u00a0r\u00e9gule\u00a0le\u00a0transit\u00a0intestinal -riches\u00a0en\u00a0fibres\u00a0insoluble\u00a0ce\u00a0qui\u00a0r\u00e9duit\u00a0le\u00a0taux\u00a0de\u00a0chol\u00e9sterol\u00a0et\u00a0r\u00e9gule\u00a0ceux\u00a0de\u00a0glucose\u00a0et\u00a0d\u2019insuline\u00a0il\u00a0est\u00a0pour\u00a0cela\u00a0conseill\u00e9\u00a0aux\u00a0diab\u00e9tique. -absence\u00a0de\u00a0caf\u00e9ine\u00a0et\u00a0des\u00a0d\u00e9sagr\u00e9ments\u00a0qui\u00a0y\u00a0sont\u00a0li\u00e9s -stimule\u00a0la\u00a0m\u00e9moire -anti-stressant -anti-insomniaque -anti-oxydant -vertueux\u00a0pour\u00a0le\u00a0foie\u00a0et\u00a0les\u00a0reins -&#8230;\" \/>\n<meta property=\"og:url\" content=\"https:\/\/daf\u00e9.com\/?page_id=13\" \/>\n<meta property=\"og:site_name\" content=\"daf\u00e9\" \/>\n<meta property=\"article:publisher\" content=\"https:\/\/www.facebook.com\/profile.php?id=100088494336219\" \/>\n<meta property=\"article:modified_time\" content=\"2022-12-10T18:29:22+00:00\" \/>\n<meta property=\"og:image\" content=\"http:\/\/xn--daf-dma.com\/wp-content\/uploads\/2022\/12\/cafe.jpg\" \/>\n<meta name=\"twitter:card\" content=\"summary_large_image\" \/>\n<meta name=\"twitter:label1\" content=\"Dur\u00e9e de lecture estim\u00e9e\" \/>\n\t<meta name=\"twitter:data1\" content=\"1 minute\" \/>\n<script type=\"application\/ld+json\" class=\"yoast-schema-graph\">{\"@context\":\"https:\/\/schema.org\",\"@graph\":[{\"@type\":\"WebPage\",\"@id\":\"https:\/\/daf\u00e9.com\/?page_id=13\",\"url\":\"https:\/\/daf\u00e9.com\/?page_id=13\",\"name\":\"A propos du caf\u00e9 de dattes - daf\u00e9\",\"isPartOf\":{\"@id\":\"https:\/\/daf\u00e9.com\/#website\"},\"primaryImageOfPage\":{\"@id\":\"https:\/\/daf\u00e9.com\/?page_id=13#primaryimage\"},\"image\":{\"@id\":\"https:\/\/daf\u00e9.com\/?page_id=13#primaryimage\"},\"thumbnailUrl\":\"http:\/\/xn--daf-dma.com\/wp-content\/uploads\/2022\/12\/cafe.jpg\",\"datePublished\":\"2022-12-03T16:26:00+00:00\",\"dateModified\":\"2022-12-10T18:29:22+00:00\",\"breadcrumb\":{\"@id\":\"https:\/\/daf\u00e9.com\/?page_id=13#breadcrumb\"},\"inLanguage\":\"fr-FR\",\"potentialAction\":[{\"@type\":\"ReadAction\",\"target\":[\"https:\/\/daf\u00e9.com\/?page_id=13\"]}]},{\"@type\":\"ImageObject\",\"inLanguage\":\"fr-FR\",\"@id\":\"https:\/\/daf\u00e9.com\/?page_id=13#primaryimage\",\"url\":\"http:\/\/xn--daf-dma.com\/wp-content\/uploads\/2022\/12\/cafe.jpg\",\"contentUrl\":\"http:\/\/xn--daf-dma.com\/wp-content\/uploads\/2022\/12\/cafe.jpg\"},{\"@type\":\"BreadcrumbList\",\"@id\":\"https:\/\/daf\u00e9.com\/?page_id=13#breadcrumb\",\"itemListElement\":[{\"@type\":\"ListItem\",\"position\":1,\"name\":\"Home\",\"item\":\"https:\/\/daf\u00e9.com\/\"},{\"@type\":\"ListItem\",\"position\":2,\"name\":\"A propos du caf\u00e9 de dattes\"}]},{\"@type\":\"WebSite\",\"@id\":\"https:\/\/daf\u00e9.com\/#website\",\"url\":\"https:\/\/daf\u00e9.com\/\",\"name\":\"daf\u00e9\",\"description\":\"le meilleur du caf\u00e9 de dattes\",\"publisher\":{\"@id\":\"https:\/\/daf\u00e9.com\/#organization\"},\"potentialAction\":[{\"@type\":\"SearchAction\",\"target\":{\"@type\":\"EntryPoint\",\"urlTemplate\":\"https:\/\/daf\u00e9.com\/?s={search_term_string}\"},\"query-input\":{\"@type\":\"PropertyValueSpecification\",\"valueRequired\":true,\"valueName\":\"search_term_string\"}}],\"inLanguage\":\"fr-FR\"},{\"@type\":\"Organization\",\"@id\":\"https:\/\/daf\u00e9.com\/#organization\",\"name\":\"daf\u00e9\",\"url\":\"https:\/\/daf\u00e9.com\/\",\"logo\":{\"@type\":\"ImageObject\",\"inLanguage\":\"fr-FR\",\"@id\":\"https:\/\/daf\u00e9.com\/#\/schema\/logo\/image\/\",\"url\":\"https:\/\/xn--daf-dma.com\/wp-content\/uploads\/2023\/12\/logo-dafe-Copie-e1701899704566.png\",\"contentUrl\":\"https:\/\/xn--daf-dma.com\/wp-content\/uploads\/2023\/12\/logo-dafe-Copie-e1701899704566.png\",\"width\":109,\"height\":35,\"caption\":\"daf\u00e9\"},\"image\":{\"@id\":\"https:\/\/daf\u00e9.com\/#\/schema\/logo\/image\/\"},\"sameAs\":[\"https:\/\/www.facebook.com\/profile.php?id=100088494336219\"]}]}<\/script>\n<!-- \/ Yoast SEO plugin. -->","yoast_head_json":{"title":"A propos du caf\u00e9 de dattes - daf\u00e9","robots":{"index":"index","follow":"follow","max-snippet":"max-snippet:-1","max-image-preview":"max-image-preview:large","max-video-preview":"max-video-preview:-1"},"canonical":"https:\/\/daf\u00e9.com\/?page_id=13","og_locale":"fr_FR","og_type":"article","og_title":"A propos du caf\u00e9 de dattes - daf\u00e9","og_description":"Le caf\u00e9 de dattes est une boisson chaude connue depuis tr\u00e8s longtemps mais cette connaissance et sa consommation est restreinte \u00e0\u00a0 certaines localisation dans le golfe et certaines oasis sahariennes. Son\u00a0gout\u00a0est\u00a0proche\u00a0d\u2019un\u00a0caf\u00e9\u00a0doux\u00a0et\u00a0il\u00a0peut\u00a0s\u2019agr\u00e9menter\u00a0d\u2019\u00e9pices\u00a0comme\u00a0le\u00a0gingembre,\u00a0la\u00a0cannelle,\u00a0&#8230; Il\u00a0se\u00a0pr\u00e9pare\u00a0comme\u00a0un\u00a0caf\u00e9. Il\u00a0a\u00a0des\u00a0vertus\u00a0\u00e9cologiques\u00a0car\u00a0il\u00a0recycle\u00a0un\u00a0produit\u00a0consid\u00e9r\u00e9\u00a0comme\u00a0un\u00a0\u201crebut\u201d. Ses\u00a0bienfaits\u00a0pour\u00a0la\u00a0sant\u00e9\u00a0sont\u00a0nombreux\u00a0: -riches\u00a0en\u00a0min\u00e9raux -riches\u00a0en\u00a0fibres\u00a0solubles\u00a0ce\u00a0qui\u00a0r\u00e9gule\u00a0le\u00a0transit\u00a0intestinal -riches\u00a0en\u00a0fibres\u00a0insoluble\u00a0ce\u00a0qui\u00a0r\u00e9duit\u00a0le\u00a0taux\u00a0de\u00a0chol\u00e9sterol\u00a0et\u00a0r\u00e9gule\u00a0ceux\u00a0de\u00a0glucose\u00a0et\u00a0d\u2019insuline\u00a0il\u00a0est\u00a0pour\u00a0cela\u00a0conseill\u00e9\u00a0aux\u00a0diab\u00e9tique. -absence\u00a0de\u00a0caf\u00e9ine\u00a0et\u00a0des\u00a0d\u00e9sagr\u00e9ments\u00a0qui\u00a0y\u00a0sont\u00a0li\u00e9s -stimule\u00a0la\u00a0m\u00e9moire -anti-stressant -anti-insomniaque -anti-oxydant -vertueux\u00a0pour\u00a0le\u00a0foie\u00a0et\u00a0les\u00a0reins -&#8230;","og_url":"https:\/\/daf\u00e9.com\/?page_id=13","og_site_name":"daf\u00e9","article_publisher":"https:\/\/www.facebook.com\/profile.php?id=100088494336219","article_modified_time":"2022-12-10T18:29:22+00:00","og_image":[{"url":"http:\/\/xn--daf-dma.com\/wp-content\/uploads\/2022\/12\/cafe.jpg","type":"","width":"","height":""}],"twitter_card":"summary_large_image","twitter_misc":{"Dur\u00e9e de lecture estim\u00e9e":"1 minute"},"schema":{"@context":"https:\/\/schema.org","@graph":[{"@type":"WebPage","@id":"https:\/\/daf\u00e9.com\/?page_id=13","url":"https:\/\/daf\u00e9.com\/?page_id=13","name":"A propos du caf\u00e9 de dattes - daf\u00e9","isPartOf":{"@id":"https:\/\/daf\u00e9.com\/#website"},"primaryImageOfPage":{"@id":"https:\/\/daf\u00e9.com\/?page_id=13#primaryimage"},"image":{"@id":"https:\/\/daf\u00e9.com\/?page_id=13#primaryimage"},"thumbnailUrl":"http:\/\/xn--daf-dma.com\/wp-content\/uploads\/2022\/12\/cafe.jpg","datePublished":"2022-12-03T16:26:00+00:00","dateModified":"2022-12-10T18:29:22+00:00","breadcrumb":{"@id":"https:\/\/daf\u00e9.com\/?page_id=13#breadcrumb"},"inLanguage":"fr-FR","potentialAction":[{"@type":"ReadAction","target":["https:\/\/daf\u00e9.com\/?page_id=13"]}]},{"@type":"ImageObject","inLanguage":"fr-FR","@id":"https:\/\/daf\u00e9.com\/?page_id=13#primaryimage","url":"http:\/\/xn--daf-dma.com\/wp-content\/uploads\/2022\/12\/cafe.jpg","contentUrl":"http:\/\/xn--daf-dma.com\/wp-content\/uploads\/2022\/12\/cafe.jpg"},{"@type":"BreadcrumbList","@id":"https:\/\/daf\u00e9.com\/?page_id=13#breadcrumb","itemListElement":[{"@type":"ListItem","position":1,"name":"Home","item":"https:\/\/daf\u00e9.com\/"},{"@type":"ListItem","position":2,"name":"A propos du caf\u00e9 de dattes"}]},{"@type":"WebSite","@id":"https:\/\/daf\u00e9.com\/#website","url":"https:\/\/daf\u00e9.com\/","name":"daf\u00e9","description":"le meilleur du caf\u00e9 de dattes","publisher":{"@id":"https:\/\/daf\u00e9.com\/#organization"},"potentialAction":[{"@type":"SearchAction","target":{"@type":"EntryPoint","urlTemplate":"https:\/\/daf\u00e9.com\/?s={search_term_string}"},"query-input":{"@type":"PropertyValueSpecification","valueRequired":true,"valueName":"search_term_string"}}],"inLanguage":"fr-FR"},{"@type":"Organization","@id":"https:\/\/daf\u00e9.com\/#organization","name":"daf\u00e9","url":"https:\/\/daf\u00e9.com\/","logo":{"@type":"ImageObject","inLanguage":"fr-FR","@id":"https:\/\/daf\u00e9.com\/#\/schema\/logo\/image\/","url":"https:\/\/xn--daf-dma.com\/wp-content\/uploads\/2023\/12\/logo-dafe-Copie-e1701899704566.png","contentUrl":"https:\/\/xn--daf-dma.com\/wp-content\/uploads\/2023\/12\/logo-dafe-Copie-e1701899704566.png","width":109,"height":35,"caption":"daf\u00e9"},"image":{"@id":"https:\/\/daf\u00e9.com\/#\/schema\/logo\/image\/"},"sameAs":["https:\/\/www.facebook.com\/profile.php?id=100088494336219"]}]}},"_links":{"self":[{"href":"https:\/\/daf\u00e9.com\/index.php?rest_route=\/wp\/v2\/pages\/13","targetHints":{"allow":["GET"]}}],"collection":[{"href":"https:\/\/daf\u00e9.com\/index.php?rest_route=\/wp\/v2\/pages"}],"about":[{"href":"https:\/\/daf\u00e9.com\/index.php?rest_route=\/wp\/v2\/types\/page"}],"author":[{"embeddable":true,"href":"https:\/\/daf\u00e9.com\/index.php?rest_route=\/wp\/v2\/users\/1"}],"replies":[{"embeddable":true,"href":"https:\/\/daf\u00e9.com\/index.php?rest_route=%2Fwp%2Fv2%2Fcomments&post=13"}],"version-history":[{"count":13,"href":"https:\/\/daf\u00e9.com\/index.php?rest_route=\/wp\/v2\/pages\/13\/revisions"}],"predecessor-version":[{"id":145,"href":"https:\/\/daf\u00e9.com\/index.php?rest_route=\/wp\/v2\/pages\/13\/revisions\/145"}],"wp:attachment":[{"href":"https:\/\/daf\u00e9.com\/index.php?rest_route=%2Fwp%2Fv2%2Fmedia&parent=13"}],"curies":[{"name":"wp","href":"https:\/\/api.w.org\/{rel}","templated":true}]}}