{"id":9,"date":"2022-12-03T16:24:54","date_gmt":"2022-12-03T16:24:54","guid":{"rendered":"http:\/\/daf\u00e9.com\/?page_id=9"},"modified":"2026-03-08T22:55:01","modified_gmt":"2026-03-08T22:55:01","slug":"accueil","status":"publish","type":"page","link":"https:\/\/daf\u00e9.com\/","title":{"rendered":"Accueil"},"content":{"rendered":"\t\t<div data-elementor-type=\"wp-page\" data-elementor-id=\"9\" class=\"elementor elementor-9\">\n\t\t\t\t\t\t<section class=\"elementor-section elementor-top-section elementor-element elementor-element-adbef82 elementor-section-boxed elementor-section-height-default elementor-section-height-default\" data-id=\"adbef82\" data-element_type=\"section\" data-e-type=\"section\">\n\t\t\t\t\t\t<div class=\"elementor-container elementor-column-gap-default\">\n\t\t\t\t\t<div class=\"elementor-column elementor-col-100 elementor-top-column elementor-element elementor-element-9aa0908\" data-id=\"9aa0908\" data-element_type=\"column\" data-e-type=\"column\">\n\t\t\t<div class=\"elementor-widget-wrap elementor-element-populated\">\n\t\t\t\t\t\t<div class=\"elementor-element elementor-element-0b2d2ed elementor-widget elementor-widget-image\" data-id=\"0b2d2ed\" data-element_type=\"widget\" data-e-type=\"widget\" data-widget_type=\"image.default\">\n\t\t\t\t<div class=\"elementor-widget-container\">\n\t\t\t\t\t\t\t\t\t\t\t\t\t\t\t<img fetchpriority=\"high\" decoding=\"async\" width=\"475\" height=\"154\" src=\"https:\/\/xn--daf-dma.com\/wp-content\/uploads\/2023\/12\/logo-dafe.png\" class=\"attachment-large size-large wp-image-190\" alt=\"\" srcset=\"https:\/\/xn--daf-dma.com\/wp-content\/uploads\/2023\/12\/logo-dafe.png 475w, https:\/\/xn--daf-dma.com\/wp-content\/uploads\/2023\/12\/logo-dafe-300x97.png 300w\" sizes=\"(max-width: 475px) 100vw, 475px\" \/>\t\t\t\t\t\t\t\t\t\t\t\t\t\t\t<\/div>\n\t\t\t\t<\/div>\n\t\t\t\t\t<\/div>\n\t\t<\/div>\n\t\t\t\t\t<\/div>\n\t\t<\/section>\n\t\t\t\t<section class=\"elementor-section elementor-top-section elementor-element elementor-element-edfc5da elementor-section-boxed elementor-section-height-default elementor-section-height-default\" data-id=\"edfc5da\" data-element_type=\"section\" data-e-type=\"section\">\n\t\t\t\t\t\t<div class=\"elementor-container elementor-column-gap-default\">\n\t\t\t\t\t<div class=\"elementor-column elementor-col-100 elementor-top-column elementor-element elementor-element-6377a0a\" data-id=\"6377a0a\" data-element_type=\"column\" data-e-type=\"column\">\n\t\t\t<div class=\"elementor-widget-wrap elementor-element-populated\">\n\t\t\t\t\t\t<div class=\"elementor-element elementor-element-147bdf8 elementor-widget elementor-widget-heading\" data-id=\"147bdf8\" data-element_type=\"widget\" data-e-type=\"widget\" data-widget_type=\"heading.default\">\n\t\t\t\t<div class=\"elementor-widget-container\">\n\t\t\t\t\t<h2 class=\"elementor-heading-title elementor-size-large\">Le meilleur du caf\u00e9 de dattes<\/h2>\t\t\t\t<\/div>\n\t\t\t\t<\/div>\n\t\t\t\t\t<\/div>\n\t\t<\/div>\n\t\t\t\t\t<\/div>\n\t\t<\/section>\n\t\t\t\t<section class=\"elementor-section elementor-top-section elementor-element elementor-element-fe96720 elementor-section-boxed elementor-section-height-default elementor-section-height-default\" data-id=\"fe96720\" data-element_type=\"section\" data-e-type=\"section\">\n\t\t\t\t\t\t<div class=\"elementor-container elementor-column-gap-default\">\n\t\t\t\t\t<div class=\"elementor-column elementor-col-100 elementor-top-column elementor-element elementor-element-e03f790\" data-id=\"e03f790\" data-element_type=\"column\" data-e-type=\"column\">\n\t\t\t<div class=\"elementor-widget-wrap elementor-element-populated\">\n\t\t\t\t\t\t<div class=\"elementor-element elementor-element-69cf688 elementor-widget elementor-widget-image\" data-id=\"69cf688\" data-element_type=\"widget\" data-e-type=\"widget\" data-widget_type=\"image.default\">\n\t\t\t\t<div class=\"elementor-widget-container\">\n\t\t\t\t\t\t\t\t\t\t\t\t\t\t\t<img decoding=\"async\" width=\"300\" height=\"236\" src=\"https:\/\/xn--daf-dma.com\/wp-content\/uploads\/2022\/12\/cafe-300x236.jpg\" class=\"attachment-medium size-medium wp-image-120\" alt=\"\" srcset=\"https:\/\/xn--daf-dma.com\/wp-content\/uploads\/2022\/12\/cafe-300x236.jpg 300w, https:\/\/xn--daf-dma.com\/wp-content\/uploads\/2022\/12\/cafe.jpg 612w\" sizes=\"(max-width: 300px) 100vw, 300px\" \/>\t\t\t\t\t\t\t\t\t\t\t\t\t\t\t<\/div>\n\t\t\t\t<\/div>\n\t\t\t\t<section class=\"elementor-section elementor-inner-section elementor-element elementor-element-154c89d elementor-section-boxed elementor-section-height-default elementor-section-height-default\" data-id=\"154c89d\" data-element_type=\"section\" data-e-type=\"section\">\n\t\t\t\t\t\t<div class=\"elementor-container elementor-column-gap-default\">\n\t\t\t\t\t<div class=\"elementor-column elementor-col-50 elementor-inner-column elementor-element elementor-element-88df1b4\" data-id=\"88df1b4\" data-element_type=\"column\" data-e-type=\"column\">\n\t\t\t<div class=\"elementor-widget-wrap elementor-element-populated\">\n\t\t\t\t\t\t<div class=\"elementor-element elementor-element-2da5dd3 elementor-widget elementor-widget-heading\" data-id=\"2da5dd3\" data-element_type=\"widget\" data-e-type=\"widget\" data-widget_type=\"heading.default\">\n\t\t\t\t<div class=\"elementor-widget-container\">\n\t\t\t\t\t<h2 class=\"elementor-heading-title elementor-size-default\"><a href=\"https:\/\/xn--daf-dma.com\/?page_id=11\">A notre propos, vous voulez en savoir plus sur notre histoire et nos valeurs<\/a><\/h2>\t\t\t\t<\/div>\n\t\t\t\t<\/div>\n\t\t\t\t\t<\/div>\n\t\t<\/div>\n\t\t\t\t<div class=\"elementor-column elementor-col-50 elementor-inner-column elementor-element elementor-element-f76c8f7\" data-id=\"f76c8f7\" data-element_type=\"column\" data-e-type=\"column\">\n\t\t\t<div class=\"elementor-widget-wrap elementor-element-populated\">\n\t\t\t\t\t\t<div class=\"elementor-element elementor-element-561f6de elementor-widget elementor-widget-heading\" data-id=\"561f6de\" data-element_type=\"widget\" data-e-type=\"widget\" data-widget_type=\"heading.default\">\n\t\t\t\t<div class=\"elementor-widget-container\">\n\t\t\t\t\t<h2 class=\"elementor-heading-title elementor-size-default\"><a href=\"https:\/\/xn--daf-dma.com\/?page_id=13\">En savoir plus sur le caf\u00e9 de dattes et ses nombreux bienfaits<\/a><\/h2>\t\t\t\t<\/div>\n\t\t\t\t<\/div>\n\t\t\t\t\t<\/div>\n\t\t<\/div>\n\t\t\t\t\t<\/div>\n\t\t<\/section>\n\t\t\t\t\t<\/div>\n\t\t<\/div>\n\t\t\t\t\t<\/div>\n\t\t<\/section>\n\t\t\t\t<section class=\"elementor-section elementor-top-section elementor-element elementor-element-5380b5e elementor-section-boxed elementor-section-height-default elementor-section-height-default\" data-id=\"5380b5e\" data-element_type=\"section\" data-e-type=\"section\">\n\t\t\t\t\t\t<div class=\"elementor-container elementor-column-gap-default\">\n\t\t\t\t\t<div class=\"elementor-column elementor-col-100 elementor-top-column elementor-element elementor-element-85dfc98\" data-id=\"85dfc98\" data-element_type=\"column\" data-e-type=\"column\">\n\t\t\t<div class=\"elementor-widget-wrap elementor-element-populated\">\n\t\t\t\t\t\t<div class=\"elementor-element elementor-element-d2d3bd0 elementor-widget elementor-widget-image\" data-id=\"d2d3bd0\" data-element_type=\"widget\" data-e-type=\"widget\" data-widget_type=\"image.default\">\n\t\t\t\t<div class=\"elementor-widget-container\">\n\t\t\t\t\t\t\t\t\t\t\t\t\t\t\t<img decoding=\"async\" width=\"300\" height=\"200\" src=\"https:\/\/xn--daf-dma.com\/wp-content\/uploads\/2022\/12\/palmeraie-300x200.jpg\" class=\"attachment-medium size-medium wp-image-119\" alt=\"\" srcset=\"https:\/\/xn--daf-dma.com\/wp-content\/uploads\/2022\/12\/palmeraie-300x200.jpg 300w, https:\/\/xn--daf-dma.com\/wp-content\/uploads\/2022\/12\/palmeraie.jpg 612w\" sizes=\"(max-width: 300px) 100vw, 300px\" \/>\t\t\t\t\t\t\t\t\t\t\t\t\t\t\t<\/div>\n\t\t\t\t<\/div>\n\t\t\t\t\t<\/div>\n\t\t<\/div>\n\t\t\t\t\t<\/div>\n\t\t<\/section>\n\t\t\t\t<section class=\"elementor-section elementor-top-section elementor-element elementor-element-ad8b8c5 elementor-section-boxed elementor-section-height-default elementor-section-height-default\" data-id=\"ad8b8c5\" data-element_type=\"section\" data-e-type=\"section\" data-settings=\"{&quot;background_background&quot;:&quot;classic&quot;}\">\n\t\t\t\t\t\t<div class=\"elementor-container elementor-column-gap-default\">\n\t\t\t\t\t<div class=\"elementor-column elementor-col-50 elementor-top-column elementor-element elementor-element-d5b957d\" data-id=\"d5b957d\" data-element_type=\"column\" data-e-type=\"column\">\n\t\t\t<div class=\"elementor-widget-wrap elementor-element-populated\">\n\t\t\t\t\t\t<div class=\"elementor-element elementor-element-4bbf31f elementor-widget elementor-widget-heading\" data-id=\"4bbf31f\" data-element_type=\"widget\" data-e-type=\"widget\" data-widget_type=\"heading.default\">\n\t\t\t\t<div class=\"elementor-widget-container\">\n\t\t\t\t\t<h2 class=\"elementor-heading-title elementor-size-default\"><a href=\"https:\/\/xn--daf-dma.com\/?page_id=15\">Vous voulez en savoir plus \u00e0 propos de nos produits de grandes qualit\u00e9s<\/a><\/h2>\t\t\t\t<\/div>\n\t\t\t\t<\/div>\n\t\t\t\t\t<\/div>\n\t\t<\/div>\n\t\t\t\t<div class=\"elementor-column elementor-col-50 elementor-top-column elementor-element elementor-element-9d54562\" data-id=\"9d54562\" data-element_type=\"column\" data-e-type=\"column\">\n\t\t\t<div class=\"elementor-widget-wrap elementor-element-populated\">\n\t\t\t\t\t\t<div class=\"elementor-element elementor-element-32037b7 elementor-widget elementor-widget-heading\" data-id=\"32037b7\" data-element_type=\"widget\" data-e-type=\"widget\" data-widget_type=\"heading.default\">\n\t\t\t\t<div class=\"elementor-widget-container\">\n\t\t\t\t\t<h2 class=\"elementor-heading-title elementor-size-default\"><a href=\"https:\/\/xn--daf-dma.com\/?page_id=17\">Notre E-shop et les coordonn\u00e9es des magasins partenaires<\/a><\/h2>\t\t\t\t<\/div>\n\t\t\t\t<\/div>\n\t\t\t\t\t<\/div>\n\t\t<\/div>\n\t\t\t\t\t<\/div>\n\t\t<\/section>\n\t\t\t\t<section class=\"elementor-section elementor-top-section elementor-element elementor-element-20f14a0 elementor-section-boxed elementor-section-height-default elementor-section-height-default\" data-id=\"20f14a0\" data-element_type=\"section\" data-e-type=\"section\">\n\t\t\t\t\t\t<div class=\"elementor-container elementor-column-gap-default\">\n\t\t\t\t\t<div class=\"elementor-column elementor-col-100 elementor-top-column elementor-element elementor-element-1c36d64\" data-id=\"1c36d64\" data-element_type=\"column\" data-e-type=\"column\">\n\t\t\t<div class=\"elementor-widget-wrap elementor-element-populated\">\n\t\t\t\t\t\t<div class=\"elementor-element elementor-element-ff01fbc elementor-view-default elementor-widget elementor-widget-icon\" data-id=\"ff01fbc\" data-element_type=\"widget\" data-e-type=\"widget\" data-widget_type=\"icon.default\">\n\t\t\t\t<div class=\"elementor-widget-container\">\n\t\t\t\t\t\t\t<div class=\"elementor-icon-wrapper\">\n\t\t\t<div class=\"elementor-icon\">\n\t\t\t<i aria-hidden=\"true\" class=\"fas fa-phone\"><\/i>\t\t\t<\/div>\n\t\t<\/div>\n\t\t\t\t\t\t<\/div>\n\t\t\t\t<\/div>\n\t\t\t\t<div class=\"elementor-element elementor-element-611c1f7 elementor-widget elementor-widget-heading\" data-id=\"611c1f7\" data-element_type=\"widget\" data-e-type=\"widget\" data-widget_type=\"heading.default\">\n\t\t\t\t<div class=\"elementor-widget-container\">\n\t\t\t\t\t<h2 class=\"elementor-heading-title elementor-size-default\">01 84 80 62 72<\/h2>\t\t\t\t<\/div>\n\t\t\t\t<\/div>\n\t\t\t\t\t<\/div>\n\t\t<\/div>\n\t\t\t\t\t<\/div>\n\t\t<\/section>\n\t\t\t\t<section class=\"elementor-section elementor-top-section elementor-element elementor-element-e42ce92 elementor-section-boxed elementor-section-height-default elementor-section-height-default\" data-id=\"e42ce92\" data-element_type=\"section\" data-e-type=\"section\">\n\t\t\t\t\t\t<div class=\"elementor-container elementor-column-gap-default\">\n\t\t\t\t\t<div class=\"elementor-column elementor-col-100 elementor-top-column elementor-element elementor-element-a1ca6c6\" data-id=\"a1ca6c6\" data-element_type=\"column\" data-e-type=\"column\">\n\t\t\t<div class=\"elementor-widget-wrap elementor-element-populated\">\n\t\t\t\t\t\t<div class=\"elementor-element elementor-element-fdf838f elementor-view-default elementor-widget elementor-widget-icon\" data-id=\"fdf838f\" data-element_type=\"widget\" data-e-type=\"widget\" data-widget_type=\"icon.default\">\n\t\t\t\t<div class=\"elementor-widget-container\">\n\t\t\t\t\t\t\t<div class=\"elementor-icon-wrapper\">\n\t\t\t<div class=\"elementor-icon\">\n\t\t\t<i aria-hidden=\"true\" class=\"far fa-envelope\"><\/i>\t\t\t<\/div>\n\t\t<\/div>\n\t\t\t\t\t\t<\/div>\n\t\t\t\t<\/div>\n\t\t\t\t\t<\/div>\n\t\t<\/div>\n\t\t\t\t\t<\/div>\n\t\t<\/section>\n\t\t\t\t<section class=\"elementor-section elementor-top-section elementor-element elementor-element-50a7a12 elementor-section-boxed elementor-section-height-default elementor-section-height-default\" data-id=\"50a7a12\" data-element_type=\"section\" data-e-type=\"section\">\n\t\t\t\t\t\t<div class=\"elementor-container elementor-column-gap-default\">\n\t\t\t\t\t<div class=\"elementor-column elementor-col-100 elementor-top-column elementor-element elementor-element-f19b798\" data-id=\"f19b798\" data-element_type=\"column\" data-e-type=\"column\">\n\t\t\t<div class=\"elementor-widget-wrap elementor-element-populated\">\n\t\t\t\t\t\t<div class=\"elementor-element elementor-element-6e1a489 elementor-widget elementor-widget-heading\" data-id=\"6e1a489\" data-element_type=\"widget\" data-e-type=\"widget\" data-widget_type=\"heading.default\">\n\t\t\t\t<div class=\"elementor-widget-container\">\n\t\t\t\t\t<h2 class=\"elementor-heading-title elementor-size-default\">contact@daf\u00e9.com<\/h2>\t\t\t\t<\/div>\n\t\t\t\t<\/div>\n\t\t\t\t\t<\/div>\n\t\t<\/div>\n\t\t\t\t\t<\/div>\n\t\t<\/section>\n\t\t\t\t<\/div>\n\t\t","protected":false},"excerpt":{"rendered":"<p>Le meilleur du caf\u00e9 de dattes A notre propos, vous voulez en savoir plus sur notre histoire et nos valeurs En savoir plus sur le caf\u00e9 de dattes et ses nombreux bienfaits Vous voulez en savoir plus \u00e0 propos de nos produits de grandes qualit\u00e9s Notre E-shop et les coordonn\u00e9es des magasins partenaires 01 84 [&hellip;]<\/p>\n","protected":false},"author":1,"featured_media":0,"parent":0,"menu_order":0,"comment_status":"closed","ping_status":"closed","template":"","meta":{"ocean_post_layout":"","ocean_both_sidebars_style":"","ocean_both_sidebars_content_width":0,"ocean_both_sidebars_sidebars_width":0,"ocean_sidebar":"0","ocean_second_sidebar":"0","ocean_disable_margins":"enable","ocean_add_body_class":"","ocean_shortcode_before_top_bar":"","ocean_shortcode_after_top_bar":"","ocean_shortcode_before_header":"","ocean_shortcode_after_header":"","ocean_has_shortcode":"","ocean_shortcode_after_title":"","ocean_shortcode_before_footer_widgets":"","ocean_shortcode_after_footer_widgets":"","ocean_shortcode_before_footer_bottom":"","ocean_shortcode_after_footer_bottom":"","ocean_display_top_bar":"default","ocean_display_header":"default","ocean_header_style":"","ocean_center_header_left_menu":"0","ocean_custom_header_template":"0","ocean_custom_logo":0,"ocean_custom_retina_logo":0,"ocean_custom_logo_max_width":0,"ocean_custom_logo_tablet_max_width":0,"ocean_custom_logo_mobile_max_width":0,"ocean_custom_logo_max_height":0,"ocean_custom_logo_tablet_max_height":0,"ocean_custom_logo_mobile_max_height":0,"ocean_header_custom_menu":"0","ocean_menu_typo_font_family":"0","ocean_menu_typo_font_subset":"","ocean_menu_typo_font_size":0,"ocean_menu_typo_font_size_tablet":0,"ocean_menu_typo_font_size_mobile":0,"ocean_menu_typo_font_size_unit":"px","ocean_menu_typo_font_weight":"","ocean_menu_typo_font_weight_tablet":"","ocean_menu_typo_font_weight_mobile":"","ocean_menu_typo_transform":"","ocean_menu_typo_transform_tablet":"","ocean_menu_typo_transform_mobile":"","ocean_menu_typo_line_height":0,"ocean_menu_typo_line_height_tablet":0,"ocean_menu_typo_line_height_mobile":0,"ocean_menu_typo_line_height_unit":"","ocean_menu_typo_spacing":0,"ocean_menu_typo_spacing_tablet":0,"ocean_menu_typo_spacing_mobile":0,"ocean_menu_typo_spacing_unit":"","ocean_menu_link_color":"","ocean_menu_link_color_hover":"","ocean_menu_link_color_active":"","ocean_menu_link_background":"","ocean_menu_link_hover_background":"","ocean_menu_link_active_background":"","ocean_menu_social_links_bg":"","ocean_menu_social_hover_links_bg":"","ocean_menu_social_links_color":"","ocean_menu_social_hover_links_color":"","ocean_disable_title":"on","ocean_disable_heading":"default","ocean_post_title":"","ocean_post_subheading":"","ocean_post_title_style":"","ocean_post_title_background_color":"","ocean_post_title_background":0,"ocean_post_title_bg_image_position":"","ocean_post_title_bg_image_attachment":"","ocean_post_title_bg_image_repeat":"","ocean_post_title_bg_image_size":"","ocean_post_title_height":0,"ocean_post_title_bg_overlay":0.5,"ocean_post_title_bg_overlay_color":"","ocean_disable_breadcrumbs":"default","ocean_breadcrumbs_color":"","ocean_breadcrumbs_separator_color":"","ocean_breadcrumbs_links_color":"","ocean_breadcrumbs_links_hover_color":"","ocean_display_footer_widgets":"default","ocean_display_footer_bottom":"default","ocean_custom_footer_template":"0","footnotes":""},"class_list":["post-9","page","type-page","status-publish","hentry","entry"],"yoast_head":"<!-- This site is optimized with the Yoast SEO plugin v27.2 - https:\/\/yoast.com\/product\/yoast-seo-wordpress\/ -->\n<title>Accueil - daf\u00e9<\/title>\n<meta name=\"description\" content=\"Caf\u00e9 de noyaux de dattes, substitut, succ\u00e9dan\u00e9 de caf\u00e9 sans caf\u00e9ine, bon pour la sant\u00e9, contre l&#039;hypertension le diab\u00e8te le cholest\u00e9rol France\" \/>\n<meta name=\"robots\" content=\"index, follow, max-snippet:-1, max-image-preview:large, max-video-preview:-1\" \/>\n<link rel=\"canonical\" href=\"https:\/\/daf\u00e9.com\/\" \/>\n<meta property=\"og:locale\" content=\"fr_FR\" \/>\n<meta property=\"og:type\" content=\"article\" \/>\n<meta property=\"og:title\" content=\"Accueil - daf\u00e9\" \/>\n<meta property=\"og:description\" content=\"Caf\u00e9 de noyaux de dattes, substitut, succ\u00e9dan\u00e9 de caf\u00e9 sans caf\u00e9ine, bon pour la sant\u00e9, contre l&#039;hypertension le diab\u00e8te le cholest\u00e9rol France\" \/>\n<meta property=\"og:url\" content=\"https:\/\/daf\u00e9.com\/\" \/>\n<meta property=\"og:site_name\" content=\"daf\u00e9\" \/>\n<meta property=\"article:publisher\" content=\"https:\/\/www.facebook.com\/profile.php?id=100088494336219\" \/>\n<meta property=\"article:modified_time\" content=\"2026-03-08T22:55:01+00:00\" \/>\n<meta property=\"og:image\" content=\"http:\/\/xn--daf-dma.com\/wp-content\/uploads\/2023\/12\/logo-dafe.png\" \/>\n<meta name=\"twitter:card\" content=\"summary_large_image\" \/>\n<meta name=\"twitter:label1\" content=\"Dur\u00e9e de lecture estim\u00e9e\" \/>\n\t<meta name=\"twitter:data1\" content=\"1 minute\" \/>\n<script type=\"application\/ld+json\" class=\"yoast-schema-graph\">{\"@context\":\"https:\/\/schema.org\",\"@graph\":[{\"@type\":\"WebPage\",\"@id\":\"https:\/\/daf\u00e9.com\/\",\"url\":\"https:\/\/daf\u00e9.com\/\",\"name\":\"Accueil - daf\u00e9\",\"isPartOf\":{\"@id\":\"https:\/\/daf\u00e9.com\/#website\"},\"primaryImageOfPage\":{\"@id\":\"https:\/\/daf\u00e9.com\/#primaryimage\"},\"image\":{\"@id\":\"https:\/\/daf\u00e9.com\/#primaryimage\"},\"thumbnailUrl\":\"http:\/\/xn--daf-dma.com\/wp-content\/uploads\/2023\/12\/logo-dafe.png\",\"datePublished\":\"2022-12-03T16:24:54+00:00\",\"dateModified\":\"2026-03-08T22:55:01+00:00\",\"description\":\"Caf\u00e9 de noyaux de dattes, substitut, succ\u00e9dan\u00e9 de caf\u00e9 sans caf\u00e9ine, bon pour la sant\u00e9, contre l'hypertension le diab\u00e8te le cholest\u00e9rol France\",\"breadcrumb\":{\"@id\":\"https:\/\/daf\u00e9.com\/#breadcrumb\"},\"inLanguage\":\"fr-FR\",\"potentialAction\":[{\"@type\":\"ReadAction\",\"target\":[\"https:\/\/daf\u00e9.com\/\"]}]},{\"@type\":\"ImageObject\",\"inLanguage\":\"fr-FR\",\"@id\":\"https:\/\/daf\u00e9.com\/#primaryimage\",\"url\":\"http:\/\/xn--daf-dma.com\/wp-content\/uploads\/2023\/12\/logo-dafe.png\",\"contentUrl\":\"http:\/\/xn--daf-dma.com\/wp-content\/uploads\/2023\/12\/logo-dafe.png\"},{\"@type\":\"BreadcrumbList\",\"@id\":\"https:\/\/daf\u00e9.com\/#breadcrumb\",\"itemListElement\":[{\"@type\":\"ListItem\",\"position\":1,\"name\":\"Home\",\"item\":\"https:\/\/daf\u00e9.com\/\"},{\"@type\":\"ListItem\",\"position\":2,\"name\":\"Accueil\"}]},{\"@type\":\"WebSite\",\"@id\":\"https:\/\/daf\u00e9.com\/#website\",\"url\":\"https:\/\/daf\u00e9.com\/\",\"name\":\"daf\u00e9\",\"description\":\"le meilleur du caf\u00e9 de dattes\",\"publisher\":{\"@id\":\"https:\/\/daf\u00e9.com\/#organization\"},\"potentialAction\":[{\"@type\":\"SearchAction\",\"target\":{\"@type\":\"EntryPoint\",\"urlTemplate\":\"https:\/\/daf\u00e9.com\/?s={search_term_string}\"},\"query-input\":{\"@type\":\"PropertyValueSpecification\",\"valueRequired\":true,\"valueName\":\"search_term_string\"}}],\"inLanguage\":\"fr-FR\"},{\"@type\":\"Organization\",\"@id\":\"https:\/\/daf\u00e9.com\/#organization\",\"name\":\"daf\u00e9\",\"url\":\"https:\/\/daf\u00e9.com\/\",\"logo\":{\"@type\":\"ImageObject\",\"inLanguage\":\"fr-FR\",\"@id\":\"https:\/\/daf\u00e9.com\/#\/schema\/logo\/image\/\",\"url\":\"https:\/\/xn--daf-dma.com\/wp-content\/uploads\/2023\/12\/logo-dafe-Copie-e1701899704566.png\",\"contentUrl\":\"https:\/\/xn--daf-dma.com\/wp-content\/uploads\/2023\/12\/logo-dafe-Copie-e1701899704566.png\",\"width\":109,\"height\":35,\"caption\":\"daf\u00e9\"},\"image\":{\"@id\":\"https:\/\/daf\u00e9.com\/#\/schema\/logo\/image\/\"},\"sameAs\":[\"https:\/\/www.facebook.com\/profile.php?id=100088494336219\"]}]}<\/script>\n<!-- \/ Yoast SEO plugin. -->","yoast_head_json":{"title":"Accueil - daf\u00e9","description":"Caf\u00e9 de noyaux de dattes, substitut, succ\u00e9dan\u00e9 de caf\u00e9 sans caf\u00e9ine, bon pour la sant\u00e9, contre l'hypertension le diab\u00e8te le cholest\u00e9rol France","robots":{"index":"index","follow":"follow","max-snippet":"max-snippet:-1","max-image-preview":"max-image-preview:large","max-video-preview":"max-video-preview:-1"},"canonical":"https:\/\/daf\u00e9.com\/","og_locale":"fr_FR","og_type":"article","og_title":"Accueil - daf\u00e9","og_description":"Caf\u00e9 de noyaux de dattes, substitut, succ\u00e9dan\u00e9 de caf\u00e9 sans caf\u00e9ine, bon pour la sant\u00e9, contre l'hypertension le diab\u00e8te le cholest\u00e9rol France","og_url":"https:\/\/daf\u00e9.com\/","og_site_name":"daf\u00e9","article_publisher":"https:\/\/www.facebook.com\/profile.php?id=100088494336219","article_modified_time":"2026-03-08T22:55:01+00:00","og_image":[{"url":"http:\/\/xn--daf-dma.com\/wp-content\/uploads\/2023\/12\/logo-dafe.png","type":"","width":"","height":""}],"twitter_card":"summary_large_image","twitter_misc":{"Dur\u00e9e de lecture estim\u00e9e":"1 minute"},"schema":{"@context":"https:\/\/schema.org","@graph":[{"@type":"WebPage","@id":"https:\/\/daf\u00e9.com\/","url":"https:\/\/daf\u00e9.com\/","name":"Accueil - daf\u00e9","isPartOf":{"@id":"https:\/\/daf\u00e9.com\/#website"},"primaryImageOfPage":{"@id":"https:\/\/daf\u00e9.com\/#primaryimage"},"image":{"@id":"https:\/\/daf\u00e9.com\/#primaryimage"},"thumbnailUrl":"http:\/\/xn--daf-dma.com\/wp-content\/uploads\/2023\/12\/logo-dafe.png","datePublished":"2022-12-03T16:24:54+00:00","dateModified":"2026-03-08T22:55:01+00:00","description":"Caf\u00e9 de noyaux de dattes, substitut, succ\u00e9dan\u00e9 de caf\u00e9 sans caf\u00e9ine, bon pour la sant\u00e9, contre l'hypertension le diab\u00e8te le cholest\u00e9rol France","breadcrumb":{"@id":"https:\/\/daf\u00e9.com\/#breadcrumb"},"inLanguage":"fr-FR","potentialAction":[{"@type":"ReadAction","target":["https:\/\/daf\u00e9.com\/"]}]},{"@type":"ImageObject","inLanguage":"fr-FR","@id":"https:\/\/daf\u00e9.com\/#primaryimage","url":"http:\/\/xn--daf-dma.com\/wp-content\/uploads\/2023\/12\/logo-dafe.png","contentUrl":"http:\/\/xn--daf-dma.com\/wp-content\/uploads\/2023\/12\/logo-dafe.png"},{"@type":"BreadcrumbList","@id":"https:\/\/daf\u00e9.com\/#breadcrumb","itemListElement":[{"@type":"ListItem","position":1,"name":"Home","item":"https:\/\/daf\u00e9.com\/"},{"@type":"ListItem","position":2,"name":"Accueil"}]},{"@type":"WebSite","@id":"https:\/\/daf\u00e9.com\/#website","url":"https:\/\/daf\u00e9.com\/","name":"daf\u00e9","description":"le meilleur du caf\u00e9 de dattes","publisher":{"@id":"https:\/\/daf\u00e9.com\/#organization"},"potentialAction":[{"@type":"SearchAction","target":{"@type":"EntryPoint","urlTemplate":"https:\/\/daf\u00e9.com\/?s={search_term_string}"},"query-input":{"@type":"PropertyValueSpecification","valueRequired":true,"valueName":"search_term_string"}}],"inLanguage":"fr-FR"},{"@type":"Organization","@id":"https:\/\/daf\u00e9.com\/#organization","name":"daf\u00e9","url":"https:\/\/daf\u00e9.com\/","logo":{"@type":"ImageObject","inLanguage":"fr-FR","@id":"https:\/\/daf\u00e9.com\/#\/schema\/logo\/image\/","url":"https:\/\/xn--daf-dma.com\/wp-content\/uploads\/2023\/12\/logo-dafe-Copie-e1701899704566.png","contentUrl":"https:\/\/xn--daf-dma.com\/wp-content\/uploads\/2023\/12\/logo-dafe-Copie-e1701899704566.png","width":109,"height":35,"caption":"daf\u00e9"},"image":{"@id":"https:\/\/daf\u00e9.com\/#\/schema\/logo\/image\/"},"sameAs":["https:\/\/www.facebook.com\/profile.php?id=100088494336219"]}]}},"_links":{"self":[{"href":"https:\/\/daf\u00e9.com\/index.php?rest_route=\/wp\/v2\/pages\/9","targetHints":{"allow":["GET"]}}],"collection":[{"href":"https:\/\/daf\u00e9.com\/index.php?rest_route=\/wp\/v2\/pages"}],"about":[{"href":"https:\/\/daf\u00e9.com\/index.php?rest_route=\/wp\/v2\/types\/page"}],"author":[{"embeddable":true,"href":"https:\/\/daf\u00e9.com\/index.php?rest_route=\/wp\/v2\/users\/1"}],"replies":[{"embeddable":true,"href":"https:\/\/daf\u00e9.com\/index.php?rest_route=%2Fwp%2Fv2%2Fcomments&post=9"}],"version-history":[{"count":72,"href":"https:\/\/daf\u00e9.com\/index.php?rest_route=\/wp\/v2\/pages\/9\/revisions"}],"predecessor-version":[{"id":367,"href":"https:\/\/daf\u00e9.com\/index.php?rest_route=\/wp\/v2\/pages\/9\/revisions\/367"}],"wp:attachment":[{"href":"https:\/\/daf\u00e9.com\/index.php?rest_route=%2Fwp%2Fv2%2Fmedia&parent=9"}],"curies":[{"name":"wp","href":"https:\/\/api.w.org\/{rel}","templated":true}]}}